{"id":37,"date":"2017-10-31T07:45:20","date_gmt":"2017-10-31T07:45:20","guid":{"rendered":"http:\/\/demo2.drfuri.com\/manufactory\/?page_id=37"},"modified":"2024-10-17T22:24:51","modified_gmt":"2024-10-17T19:24:51","slug":"contact","status":"publish","type":"page","link":"https:\/\/www.gdrglobal.com.tr\/index.php\/contact","title":{"rendered":"\u0130leti\u015fim"},"content":{"rendered":"<section class=\"wpb-content-wrapper\"><p>[vc_row][vc_column]<div class=\"mf-empty-space \" style=\"\"><div class=\"mf_empty_space_lg\"  style=\"height: 80px\"><\/div><div class=\"mf_empty_space_md\"  style=\"height: 50px\"><\/div><div class=\"mf_empty_space_xs\"  style=\"height: 50px\"><\/div><\/div>[\/vc_column][\/vc_row][vc_row][vc_column]<div class=\"mf-section-title text-left dark large-size \"><h2 >\u0130leti\u015fim Bilgilerimiz<\/h2><\/div><div class=\"mf-empty-space \" style=\"\"><div class=\"mf_empty_space_lg\"  style=\"height: 50px\"><\/div><div class=\"mf_empty_space_md\"  style=\"height: 30px\"><\/div><div class=\"mf_empty_space_xs\"  style=\"height: 30px\"><\/div><\/div>[vc_row_inner][vc_column_inner width=&#8221;1\/2&#8243; offset=&#8221;vc_col-lg-4 vc_col-md-12&#8243;]<div class=\"mf-contact-box clearfix \"><div class=\"mf-section-title text-left dark medium-size \"><h2 >\u0130leti\u015fim Bilgilerimiz<\/h2><\/div><div class=\"contact-info address\"><i class=\"flaticon-arrow\"><\/i><div><span>Address:<\/span> Gaziler Mah. I\u015f\u015f\u0131kg\u00f6l Cad. No:138 Kap\u0131 No:59, 41400 Gebze\/Kocaeli<\/div><\/div><div class=\"contact-info phone\"><i class=\"fa fa-phone\"><\/i><div><span>Call Us:<\/span> 0 (262) 644 04 37<\/div><\/div><div class=\"contact-info email\"><i class=\"flaticon-note\"><\/i><div><span>Mail Us:<\/span> info@gdrglobal.com.tr<\/div><\/div><ul class=\"contact-social\"><li class=\"facebook\">\n\t\t\t\t\t\t<a href=\"#\" target=\"_blank\">\n\t\t\t\t\t\t\t<i class=\"fa fa-facebook\"><\/i>\n\t\t\t\t\t\t<\/a>\n\t\t\t\t\t<\/li><li class=\"twitter\">\n\t\t\t\t\t\t<a href=\"#\" target=\"_blank\">\n\t\t\t\t\t\t\t<i class=\"fa fa-twitter\"><\/i>\n\t\t\t\t\t\t<\/a>\n\t\t\t\t\t<\/li><li class=\"googleplus\">\n\t\t\t\t\t\t<a href=\"#\" target=\"_blank\">\n\t\t\t\t\t\t\t<i class=\"fa fa-google-plus\"><\/i>\n\t\t\t\t\t\t<\/a>\n\t\t\t\t\t<\/li><li class=\"skype\">\n\t\t\t\t\t\t<a href=\"#\" target=\"_blank\">\n\t\t\t\t\t\t\t<i class=\"fa fa-skype\"><\/i>\n\t\t\t\t\t\t<\/a>\n\t\t\t\t\t<\/li><li class=\"linkedin\">\n\t\t\t\t\t\t<a href=\"#\" target=\"_blank\">\n\t\t\t\t\t\t\t<i class=\"fa fa-linkedin\"><\/i>\n\t\t\t\t\t\t<\/a>\n\t\t\t\t\t<\/li><\/ul><\/div><div class=\"mf-empty-space \" style=\"\"><div class=\"mf_empty_space_lg\"  style=\"height: 80px\"><\/div><div class=\"mf_empty_space_md\"  style=\"height: 50px\"><\/div><div class=\"mf_empty_space_xs\"  style=\"height: 50px\"><\/div><\/div>[\/vc_column_inner][vc_column_inner width=&#8221;1\/2&#8243; offset=&#8221;vc_col-lg-4 vc_col-md-12&#8243;]<div class=\"mf-working-hour \"><div class=\"mf-section-title text-left dark medium-size \"><h2 >\u00c7al\u0131\u015fma Saatlerimiz<\/h2><\/div><ul class=\"mf-list-hour\"><li><span class=\"day\">Pazartesi<\/span><span class=\"hour\">08:30 - 18:30 <\/span><\/li><li><span class=\"day\">Sal\u0131<\/span><span class=\"hour\">08:30 - 18:30 <\/span><\/li><li><span class=\"day\">\u00c7ar\u015famba<\/span><span class=\"hour\">08:30 - 18:30 <\/span><\/li><li><span class=\"day\">Per\u015fembe<\/span><span class=\"hour\">08:30 - 18:30 <\/span><\/li><li><span class=\"day\">Cuma<\/span><span class=\"hour\">08:30 - 18:30 <\/span><\/li><li><span class=\"day\">Cumartesi<\/span><span class=\"hour\">-<\/span><\/li><li><span class=\"day\">Pazar<\/span><span class=\"hour\">-<\/span><\/li><\/ul><\/div><div class=\"mf-empty-space \" style=\"\"><div class=\"mf_empty_space_lg\"  style=\"height: 80px\"><\/div><div class=\"mf_empty_space_md\"  style=\"height: 50px\"><\/div><div class=\"mf_empty_space_xs\"  style=\"height: 50px\"><\/div><\/div>[\/vc_column_inner][vc_column_inner offset=&#8221;vc_col-lg-4 vc_col-md-3&#8243;][vc_single_image image=&#8221;4030&#8243; img_size=&#8221;full&#8221;][\/vc_column_inner][\/vc_row_inner][\/vc_column][\/vc_row][vc_row css=&#8221;.vc_custom_1508231584995{background-color: #f2f2f2 !important;}&#8221;][vc_column]<div class=\"mf-empty-space \" style=\"\"><div class=\"mf_empty_space_lg\"  style=\"height: 80px\"><\/div><div class=\"mf_empty_space_md\"  style=\"height: 50px\"><\/div><div class=\"mf_empty_space_xs\"  style=\"height: 50px\"><\/div><\/div><div class=\"mf-section-title text-center dark large-size \"><h2 >\u0130leti\u015fim Formu<\/h2><\/div><div class=\"mf-empty-space \" style=\"\"><div class=\"mf_empty_space_lg\"  style=\"height: 25px\"><\/div><div class=\"mf_empty_space_md\"  style=\"height: 25px\"><\/div><div class=\"mf_empty_space_xs\"  style=\"height: 25px\"><\/div><\/div>[vc_column_text]<\/p>\n<p style=\"text-align: center;\">\u0130leti\u015fim formunu kullanarak bizlere ula\u015fabilirsiniz k\u0131sa s\u00fcrede bir temsilcimiz sizlere d\u00f6n\u00fc\u015f sa\u011flayacakt\u0131r.<\/p>\n<p>[\/vc_column_text]<div class=\"mf-empty-space \" style=\"\"><div class=\"mf_empty_space_lg\"  style=\"height: 40px\"><\/div><div class=\"mf_empty_space_md\"  style=\"height: 40px\"><\/div><div class=\"mf_empty_space_xs\"  style=\"height: 40px\"><\/div><\/div><div class=\"mf-contact-form-7 form-light \" style=\"\">\n<div class=\"wpcf7 no-js\" id=\"wpcf7-f1324-o1\" lang=\"en-US\" dir=\"ltr\">\n<div class=\"screen-reader-response\"><p role=\"status\" aria-live=\"polite\" aria-atomic=\"true\"><\/p> <ul><\/ul><\/div>\n<form action=\"\/index.php\/wp-json\/wp\/v2\/pages\/37#wpcf7-f1324-o1\" method=\"post\" class=\"wpcf7-form init\" aria-label=\"Contact form\" novalidate=\"novalidate\" data-status=\"init\">\n<div style=\"display: none;\">\n<input type=\"hidden\" name=\"_wpcf7\" value=\"1324\" \/>\n<input type=\"hidden\" name=\"_wpcf7_version\" value=\"5.9.8\" \/>\n<input type=\"hidden\" name=\"_wpcf7_locale\" value=\"en_US\" \/>\n<input type=\"hidden\" name=\"_wpcf7_unit_tag\" value=\"wpcf7-f1324-o1\" \/>\n<input type=\"hidden\" name=\"_wpcf7_container_post\" value=\"0\" \/>\n<input type=\"hidden\" name=\"_wpcf7_posted_data_hash\" value=\"\" \/>\n<\/div>\n<div class=\"mf-form mf-form-2\">\n\t<div class=\"row\">\n\t\t<div class=\"col-md-6 col-xs-12 col-sm-12 mf-input-field\">\n\t\t\t<p><span class=\"wpcf7-form-control-wrap\" data-name=\"your-name\"><input size=\"40\" maxlength=\"400\" class=\"wpcf7-form-control wpcf7-text wpcf7-validates-as-required\" aria-required=\"true\" aria-invalid=\"false\" placeholder=\"Ad\u0131n\u0131z*\" value=\"\" type=\"text\" name=\"your-name\" \/><\/span>\n\t\t\t<\/p>\n\t\t\t<p><span class=\"wpcf7-form-control-wrap\" data-name=\"your-email\"><input size=\"40\" maxlength=\"400\" class=\"wpcf7-form-control wpcf7-email wpcf7-validates-as-required wpcf7-text wpcf7-validates-as-email\" aria-required=\"true\" aria-invalid=\"false\" placeholder=\"E-mail *\" value=\"\" type=\"email\" name=\"your-email\" \/><\/span>\n\t\t\t<\/p>\n\t\t\t<p><span class=\"wpcf7-form-control-wrap\" data-name=\"phone\"><input size=\"40\" maxlength=\"400\" class=\"wpcf7-form-control wpcf7-text\" aria-invalid=\"false\" placeholder=\"Telefon\" value=\"\" type=\"text\" name=\"phone\" \/><\/span>\n\t\t\t<\/p>\n\t\t<\/div>\n\t\t<div class=\"col-md-6 col-xs-12 col-sm-12 mf-textarea-field\">\n\t\t\t<p><span class=\"wpcf7-form-control-wrap\" data-name=\"comment\"><textarea cols=\"40\" rows=\"10\" maxlength=\"2000\" class=\"wpcf7-form-control wpcf7-textarea\" aria-invalid=\"false\" placeholder=\"Mesaj\u0131n\u0131z...\" name=\"comment\"><\/textarea><\/span>\n\t\t\t<\/p>\n\t\t<\/div>\n\t\t<div class=\"text-center mf-submit col-md-12 col-xs-12 col-sm-12\">\n\t\t\t<p><input class=\"wpcf7-form-control wpcf7-submit has-spinner\" type=\"submit\" value=\"g\u00d6NDER\" \/>\n\t\t\t<\/p>\n\t\t<\/div>\n\t<\/div>\n<\/div><div class=\"wpcf7-response-output\" aria-hidden=\"true\"><\/div>\n<\/form>\n<\/div>\n<\/div><div class=\"mf-empty-space \" style=\"\"><div class=\"mf_empty_space_lg\"  style=\"height: 80px\"><\/div><div class=\"mf_empty_space_md\"  style=\"height: 50px\"><\/div><div class=\"mf_empty_space_xs\"  style=\"height: 50px\"><\/div><\/div>[\/vc_column][\/vc_row][vc_row full_width=&#8221;stretch_row_content_no_spaces&#8221; disable_element=&#8221;yes&#8221;][vc_column]Something went wrong while retrieving your map, please ensure you have entered the short code correctly.[\/vc_column][\/vc_row][vc_row full_width=&#8221;stretch_row_content_no_spaces&#8221;][vc_column][vc_gmaps link=&#8221;#E-8_JTNDaWZyYW1lJTIwc3JjJTNEJTIyaHR0cHMlM0ElMkYlMkZ3d3cuZ29vZ2xlLmNvbSUyRm1hcHMlMkZlbWJlZCUzRnBiJTNEJTIxMW0xOCUyMTFtMTIlMjExbTMlMjExZDM3MTUuNTI0Njc1ODQzNzgzJTIxMmQyOS40MTcwNzgzJTIxM2Q0MC44MTQ3NjA3OTk5OTk5OTUlMjEybTMlMjExZjAlMjEyZjAlMjEzZjAlMjEzbTIlMjExaTEwMjQlMjEyaTc2OCUyMTRmMTMuMSUyMTNtMyUyMTFtMiUyMTFzMHgxNGNhZGY0MGZkNGJlMjY5JTI1M0EweDc5NjUxNzE0MWQ5OTQyMTElMjEyc0dEUiUyNTIwR2xvYmFsJTI1MjBLdXJ1bXNhbCUyNTIwVGVkYXJpayUyNTIwSGl6bWV0bGVyaSUyMTVlMSUyMTNtMiUyMTFzdHIlMjEyc3RyJTIxNHYxNzI5MTkyNjg2Mzc4JTIxNW0yJTIxMXN0ciUyMTJzdHIlMjIlMjB3aWR0aCUzRCUyMjYwMCUyMiUyMGhlaWdodCUzRCUyMjQ1MCUyMiUyMHN0eWxlJTNEJTIyYm9yZGVyJTNBMCUzQiUyMiUyMGFsbG93ZnVsbHNjcmVlbiUzRCUyMiUyMiUyMGxvYWRpbmclM0QlMjJsYXp5JTIyJTIwcmVmZXJyZXJwb2xpY3klM0QlMjJuby1yZWZlcnJlci13aGVuLWRvd25ncmFkZSUyMiUzRSUzQyUyRmlmcmFtZSUzRQ==&#8221;][\/vc_column][\/vc_row]<\/p>\n<\/section>","protected":false},"excerpt":{"rendered":"<p>[vc_row][vc_column][\/vc_column][\/vc_row][vc_row][vc_column][vc_row_inner][vc_column_inner width=&#8221;1\/2&#8243; offset=&#8221;vc_col-lg-4 vc_col-md-12&#8243;][\/vc_column_inner][vc_column_inner width=&#8221;1\/2&#8243; offset=&#8221;vc_col-lg-4 vc_col-md-12&#8243;][\/vc_column_inner][vc_column_inner offset=&#8221;vc_col-lg-4 vc_col-md-3&#8243;][vc_single_image image=&#8221;4030&#8243; img_size=&#8221;full&#8221;][\/vc_column_inner][\/vc_row_inner][\/vc_column][\/vc_row][vc_row css=&#8221;.vc_custom_1508231584995{background-color: #f2f2f2 !important;}&#8221;][vc_column][vc_column_text] \u0130leti\u015fim formunu kullanarak bizlere ula\u015fabilirsiniz k\u0131sa s\u00fcrede bir temsilcimiz sizlere d\u00f6n\u00fc\u015f sa\u011flayacakt\u0131r. [\/vc_column_text][\/vc_column][\/vc_row][vc_row full_width=&#8221;stretch_row_content_no_spaces&#8221; disable_element=&#8221;yes&#8221;][vc_column][\/vc_column][\/vc_row][vc_row full_width=&#8221;stretch_row_content_no_spaces&#8221;][vc_column][vc_gmaps link=&#8221;#E-8_JTNDaWZyYW1lJTIwc3JjJTNEJTIyaHR0cHMlM0ElMkYlMkZ3d3cuZ29vZ2xlLmNvbSUyRm1hcHMlMkZlbWJlZCUzRnBiJTNEJTIxMW0xOCUyMTFtMTIlMjExbTMlMjExZDM3MTUuNTI0Njc1ODQzNzgzJTIxMmQyOS40MTcwNzgzJTIxM2Q0MC44MTQ3NjA3OTk5OTk5OTUlMjEybTMlMjExZjAlMjEyZjAlMjEzZjAlMjEzbTIlMjExaTEwMjQlMjEyaTc2OCUyMTRmMTMuMSUyMTNtMyUyMTFtMiUyMTFzMHgxNGNhZGY0MGZkNGJlMjY5JTI1M0EweDc5NjUxNzE0MWQ5OTQyMTElMjEyc0dEUiUyNTIwR2xvYmFsJTI1MjBLdXJ1bXNhbCUyNTIwVGVkYXJpayUyNTIwSGl6bWV0bGVyaSUyMTVlMSUyMTNtMiUyMTFzdHIlMjEyc3RyJTIxNHYxNzI5MTkyNjg2Mzc4JTIxNW0yJTIxMXN0ciUyMTJzdHIlMjIlMjB3aWR0aCUzRCUyMjYwMCUyMiUyMGhlaWdodCUzRCUyMjQ1MCUyMiUyMHN0eWxlJTNEJTIyYm9yZGVyJTNBMCUzQiUyMiUyMGFsbG93ZnVsbHNjcmVlbiUzRCUyMiUyMiUyMGxvYWRpbmclM0QlMjJsYXp5JTIyJTIwcmVmZXJyZXJwb2xpY3klM0QlMjJuby1yZWZlcnJlci13aGVuLWRvd25ncmFkZSUyMiUzRSUzQyUyRmlmcmFtZSUzRQ==&#8221;][\/vc_column][\/vc_row]<\/p>\n","protected":false},"author":1,"featured_media":0,"parent":0,"menu_order":0,"comment_status":"closed","ping_status":"closed","template":"template-fullwidth.php","meta":{"footnotes":""},"class_list":["post-37","page","type-page","status-publish","hentry","no-thumb"],"yoast_head":"<!-- This site is optimized with the Yoast SEO Premium plugin v21.4 (Yoast SEO v23.7) - https:\/\/yoast.com\/wordpress\/plugins\/seo\/ -->\r\n<title>\u0130leti\u015fim - GDR Global<\/title>\r\n<meta name=\"robots\" content=\"index, follow, max-snippet:-1, max-image-preview:large, max-video-preview:-1\" \/>\r\n<link rel=\"canonical\" href=\"https:\/\/www.gdrglobal.com.tr\/index.php\/contact\" \/>\r\n<meta property=\"og:locale\" content=\"tr_TR\" \/>\r\n<meta property=\"og:type\" content=\"article\" \/>\r\n<meta property=\"og:title\" content=\"\u0130leti\u015fim\" \/>\r\n<meta property=\"og:description\" content=\"[vc_row][vc_column][\/vc_column][\/vc_row][vc_row][vc_column][vc_row_inner][vc_column_inner width=&#8221;1\/2&#8243; offset=&#8221;vc_col-lg-4 vc_col-md-12&#8243;][\/vc_column_inner][vc_column_inner width=&#8221;1\/2&#8243; offset=&#8221;vc_col-lg-4 vc_col-md-12&#8243;][\/vc_column_inner][vc_column_inner offset=&#8221;vc_col-lg-4 vc_col-md-3&#8243;][vc_single_image image=&#8221;4030&#8243; img_size=&#8221;full&#8221;][\/vc_column_inner][\/vc_row_inner][\/vc_column][\/vc_row][vc_row css=&#8221;.vc_custom_1508231584995{background-color: #f2f2f2 !important;}&#8221;][vc_column][vc_column_text] \u0130leti\u015fim formunu kullanarak bizlere ula\u015fabilirsiniz k\u0131sa s\u00fcrede bir temsilcimiz sizlere d\u00f6n\u00fc\u015f sa\u011flayacakt\u0131r. [\/vc_column_text][\/vc_column][\/vc_row][vc_row full_width=&#8221;stretch_row_content_no_spaces&#8221; disable_element=&#8221;yes&#8221;][vc_column][\/vc_column][\/vc_row][vc_row full_width=&#8221;stretch_row_content_no_spaces&#8221;][vc_column][vc_gmaps link=&#8221;#E-8_JTNDaWZyYW1lJTIwc3JjJTNEJTIyaHR0cHMlM0ElMkYlMkZ3d3cuZ29vZ2xlLmNvbSUyRm1hcHMlMkZlbWJlZCUzRnBiJTNEJTIxMW0xOCUyMTFtMTIlMjExbTMlMjExZDM3MTUuNTI0Njc1ODQzNzgzJTIxMmQyOS40MTcwNzgzJTIxM2Q0MC44MTQ3NjA3OTk5OTk5OTUlMjEybTMlMjExZjAlMjEyZjAlMjEzZjAlMjEzbTIlMjExaTEwMjQlMjEyaTc2OCUyMTRmMTMuMSUyMTNtMyUyMTFtMiUyMTFzMHgxNGNhZGY0MGZkNGJlMjY5JTI1M0EweDc5NjUxNzE0MWQ5OTQyMTElMjEyc0dEUiUyNTIwR2xvYmFsJTI1MjBLdXJ1bXNhbCUyNTIwVGVkYXJpayUyNTIwSGl6bWV0bGVyaSUyMTVlMSUyMTNtMiUyMTFzdHIlMjEyc3RyJTIxNHYxNzI5MTkyNjg2Mzc4JTIxNW0yJTIxMXN0ciUyMTJzdHIlMjIlMjB3aWR0aCUzRCUyMjYwMCUyMiUyMGhlaWdodCUzRCUyMjQ1MCUyMiUyMHN0eWxlJTNEJTIyYm9yZGVyJTNBMCUzQiUyMiUyMGFsbG93ZnVsbHNjcmVlbiUzRCUyMiUyMiUyMGxvYWRpbmclM0QlMjJsYXp5JTIyJTIwcmVmZXJyZXJwb2xpY3klM0QlMjJuby1yZWZlcnJlci13aGVuLWRvd25ncmFkZSUyMiUzRSUzQyUyRmlmcmFtZSUzRQ==&#8221;][\/vc_column][\/vc_row]\" \/>\r\n<meta property=\"og:url\" content=\"https:\/\/www.gdrglobal.com.tr\/index.php\/contact\" \/>\r\n<meta property=\"og:site_name\" content=\"GDR Global\" \/>\r\n<meta property=\"article:modified_time\" content=\"2024-10-17T19:24:51+00:00\" \/>\r\n<meta name=\"twitter:card\" content=\"summary_large_image\" \/>\r\n<meta name=\"twitter:label1\" content=\"Tahmini okuma s\u00fcresi\" \/>\n\t<meta name=\"twitter:data1\" content=\"1 dakika\" \/>\r\n<script type=\"application\/ld+json\" class=\"yoast-schema-graph\">{\"@context\":\"https:\/\/schema.org\",\"@graph\":[{\"@type\":\"WebPage\",\"@id\":\"https:\/\/www.gdrglobal.com.tr\/index.php\/contact\",\"url\":\"https:\/\/www.gdrglobal.com.tr\/index.php\/contact\",\"name\":\"\u0130leti\u015fim - GDR Global\",\"isPartOf\":{\"@id\":\"https:\/\/www.gdrglobal.com.tr\/#website\"},\"datePublished\":\"2017-10-31T07:45:20+00:00\",\"dateModified\":\"2024-10-17T19:24:51+00:00\",\"breadcrumb\":{\"@id\":\"https:\/\/www.gdrglobal.com.tr\/index.php\/contact#breadcrumb\"},\"inLanguage\":\"tr\",\"potentialAction\":[{\"@type\":\"ReadAction\",\"target\":[\"https:\/\/www.gdrglobal.com.tr\/index.php\/contact\"]}]},{\"@type\":\"BreadcrumbList\",\"@id\":\"https:\/\/www.gdrglobal.com.tr\/index.php\/contact#breadcrumb\",\"itemListElement\":[{\"@type\":\"ListItem\",\"position\":1,\"name\":\"Home\",\"item\":\"https:\/\/www.gdrglobal.com.tr\/\"},{\"@type\":\"ListItem\",\"position\":2,\"name\":\"\u0130leti\u015fim\"}]},{\"@type\":\"WebSite\",\"@id\":\"https:\/\/www.gdrglobal.com.tr\/#website\",\"url\":\"https:\/\/www.gdrglobal.com.tr\/\",\"name\":\"GDR Global\",\"description\":\"Bir Tedarik\u00e7iden Daha Fazlas\u0131\",\"potentialAction\":[{\"@type\":\"SearchAction\",\"target\":{\"@type\":\"EntryPoint\",\"urlTemplate\":\"https:\/\/www.gdrglobal.com.tr\/?s={search_term_string}\"},\"query-input\":{\"@type\":\"PropertyValueSpecification\",\"valueRequired\":true,\"valueName\":\"search_term_string\"}}],\"inLanguage\":\"tr\"}]}<\/script>\r\n<!-- \/ Yoast SEO Premium plugin. -->","yoast_head_json":{"title":"\u0130leti\u015fim - GDR Global","robots":{"index":"index","follow":"follow","max-snippet":"max-snippet:-1","max-image-preview":"max-image-preview:large","max-video-preview":"max-video-preview:-1"},"canonical":"https:\/\/www.gdrglobal.com.tr\/index.php\/contact","og_locale":"tr_TR","og_type":"article","og_title":"\u0130leti\u015fim","og_description":"[vc_row][vc_column][\/vc_column][\/vc_row][vc_row][vc_column][vc_row_inner][vc_column_inner width=&#8221;1\/2&#8243; offset=&#8221;vc_col-lg-4 vc_col-md-12&#8243;][\/vc_column_inner][vc_column_inner width=&#8221;1\/2&#8243; offset=&#8221;vc_col-lg-4 vc_col-md-12&#8243;][\/vc_column_inner][vc_column_inner offset=&#8221;vc_col-lg-4 vc_col-md-3&#8243;][vc_single_image image=&#8221;4030&#8243; img_size=&#8221;full&#8221;][\/vc_column_inner][\/vc_row_inner][\/vc_column][\/vc_row][vc_row css=&#8221;.vc_custom_1508231584995{background-color: #f2f2f2 !important;}&#8221;][vc_column][vc_column_text] \u0130leti\u015fim formunu kullanarak bizlere ula\u015fabilirsiniz k\u0131sa s\u00fcrede bir temsilcimiz sizlere d\u00f6n\u00fc\u015f sa\u011flayacakt\u0131r. [\/vc_column_text][\/vc_column][\/vc_row][vc_row full_width=&#8221;stretch_row_content_no_spaces&#8221; disable_element=&#8221;yes&#8221;][vc_column][\/vc_column][\/vc_row][vc_row full_width=&#8221;stretch_row_content_no_spaces&#8221;][vc_column][vc_gmaps link=&#8221;#E-8_JTNDaWZyYW1lJTIwc3JjJTNEJTIyaHR0cHMlM0ElMkYlMkZ3d3cuZ29vZ2xlLmNvbSUyRm1hcHMlMkZlbWJlZCUzRnBiJTNEJTIxMW0xOCUyMTFtMTIlMjExbTMlMjExZDM3MTUuNTI0Njc1ODQzNzgzJTIxMmQyOS40MTcwNzgzJTIxM2Q0MC44MTQ3NjA3OTk5OTk5OTUlMjEybTMlMjExZjAlMjEyZjAlMjEzZjAlMjEzbTIlMjExaTEwMjQlMjEyaTc2OCUyMTRmMTMuMSUyMTNtMyUyMTFtMiUyMTFzMHgxNGNhZGY0MGZkNGJlMjY5JTI1M0EweDc5NjUxNzE0MWQ5OTQyMTElMjEyc0dEUiUyNTIwR2xvYmFsJTI1MjBLdXJ1bXNhbCUyNTIwVGVkYXJpayUyNTIwSGl6bWV0bGVyaSUyMTVlMSUyMTNtMiUyMTFzdHIlMjEyc3RyJTIxNHYxNzI5MTkyNjg2Mzc4JTIxNW0yJTIxMXN0ciUyMTJzdHIlMjIlMjB3aWR0aCUzRCUyMjYwMCUyMiUyMGhlaWdodCUzRCUyMjQ1MCUyMiUyMHN0eWxlJTNEJTIyYm9yZGVyJTNBMCUzQiUyMiUyMGFsbG93ZnVsbHNjcmVlbiUzRCUyMiUyMiUyMGxvYWRpbmclM0QlMjJsYXp5JTIyJTIwcmVmZXJyZXJwb2xpY3klM0QlMjJuby1yZWZlcnJlci13aGVuLWRvd25ncmFkZSUyMiUzRSUzQyUyRmlmcmFtZSUzRQ==&#8221;][\/vc_column][\/vc_row]","og_url":"https:\/\/www.gdrglobal.com.tr\/index.php\/contact","og_site_name":"GDR Global","article_modified_time":"2024-10-17T19:24:51+00:00","twitter_card":"summary_large_image","twitter_misc":{"Tahmini okuma s\u00fcresi":"1 dakika"},"schema":{"@context":"https:\/\/schema.org","@graph":[{"@type":"WebPage","@id":"https:\/\/www.gdrglobal.com.tr\/index.php\/contact","url":"https:\/\/www.gdrglobal.com.tr\/index.php\/contact","name":"\u0130leti\u015fim - GDR Global","isPartOf":{"@id":"https:\/\/www.gdrglobal.com.tr\/#website"},"datePublished":"2017-10-31T07:45:20+00:00","dateModified":"2024-10-17T19:24:51+00:00","breadcrumb":{"@id":"https:\/\/www.gdrglobal.com.tr\/index.php\/contact#breadcrumb"},"inLanguage":"tr","potentialAction":[{"@type":"ReadAction","target":["https:\/\/www.gdrglobal.com.tr\/index.php\/contact"]}]},{"@type":"BreadcrumbList","@id":"https:\/\/www.gdrglobal.com.tr\/index.php\/contact#breadcrumb","itemListElement":[{"@type":"ListItem","position":1,"name":"Home","item":"https:\/\/www.gdrglobal.com.tr\/"},{"@type":"ListItem","position":2,"name":"\u0130leti\u015fim"}]},{"@type":"WebSite","@id":"https:\/\/www.gdrglobal.com.tr\/#website","url":"https:\/\/www.gdrglobal.com.tr\/","name":"GDR Global","description":"Bir Tedarik\u00e7iden Daha Fazlas\u0131","potentialAction":[{"@type":"SearchAction","target":{"@type":"EntryPoint","urlTemplate":"https:\/\/www.gdrglobal.com.tr\/?s={search_term_string}"},"query-input":{"@type":"PropertyValueSpecification","valueRequired":true,"valueName":"search_term_string"}}],"inLanguage":"tr"}]}},"_links":{"self":[{"href":"https:\/\/www.gdrglobal.com.tr\/index.php\/wp-json\/wp\/v2\/pages\/37","targetHints":{"allow":["GET"]}}],"collection":[{"href":"https:\/\/www.gdrglobal.com.tr\/index.php\/wp-json\/wp\/v2\/pages"}],"about":[{"href":"https:\/\/www.gdrglobal.com.tr\/index.php\/wp-json\/wp\/v2\/types\/page"}],"author":[{"embeddable":true,"href":"https:\/\/www.gdrglobal.com.tr\/index.php\/wp-json\/wp\/v2\/users\/1"}],"replies":[{"embeddable":true,"href":"https:\/\/www.gdrglobal.com.tr\/index.php\/wp-json\/wp\/v2\/comments?post=37"}],"version-history":[{"count":8,"href":"https:\/\/www.gdrglobal.com.tr\/index.php\/wp-json\/wp\/v2\/pages\/37\/revisions"}],"predecessor-version":[{"id":4034,"href":"https:\/\/www.gdrglobal.com.tr\/index.php\/wp-json\/wp\/v2\/pages\/37\/revisions\/4034"}],"wp:attachment":[{"href":"https:\/\/www.gdrglobal.com.tr\/index.php\/wp-json\/wp\/v2\/media?parent=37"}],"curies":[{"name":"wp","href":"https:\/\/api.w.org\/{rel}","templated":true}]}}